{"id":200,"date":"2013-05-15T15:23:36","date_gmt":"2013-05-15T13:23:36","guid":{"rendered":"http:\/\/wp.rising-stars.nl\/?page_id=200"},"modified":"2013-05-29T13:20:22","modified_gmt":"2013-05-29T11:20:22","slug":"deutsch-info","status":"publish","type":"page","link":"https:\/\/www.rising-stars.nl\/?page_id=200","title":{"rendered":"Deutsch info"},"content":{"rendered":"<p><strong>Projekt: Kings and Queens<br \/>\nOrt: Offinso \u2013 Adukro, Ashanti-Region<\/strong><br \/>\n<strong>Land: Ghana\u00a0<\/strong><\/p>\n<p>Das Projekt Kings and Queens umfasst eine 24 st\u00fcndige Betreuung\u00a0von 10 Kindern mit einer verstandesm\u00e4ssigen oder mehrfachen Behinderung.\u00a0Das Alter liegt zwischen 5 und 15 Jahren.\u00a0Unter der Leitung von Margaret Adutwumwaa begann die NGO\u00a0\u00b4Kings and Queens\u2018 im 2006 zusammen mit freiwilligen,\u00a0Ghanesischen Begleitern ihre unterst\u00fctzende Arbeit.\u00a0Noch erh\u00e4lt NGO Kings and Queens keine staatliche Unterst\u00fctzung.\u00a0Unterst\u00fctzung erh\u00e4lt sie von ausl\u00e4ndischen Freiwilligen und Spendern.<\/p>\n<p><strong>Die Stiftung Rising Stars in Nuenen bietet:<\/strong><br \/>\nMaterielle Hilfe.<br \/>\nFinanzielle Hilfe f\u00fcr Nahrung, Kleidung, Schule, Mietwohnung\u00a0u.s.w.Professionelle Unterst\u00fctzung durch Erziehung, Bildung und\u00a0Training.Einsatz von Freiwilligen aus den Niederlanden und andere L\u00e4nder.\u00a0Hilfe bei der Vorbereitung und Realisierung von einem Bauernhof\u00a0zur eigenen Versorgung in dem Dorf Offinso.\u00a0Dieser Bauernhof soll auf Dauer die finanziellen Mittel und Nahrung\u00a0erwirtschaften, durch die das Projekt besser selbstst\u00e4ndig funktionieren kann.\u00a0Wenn die Kinder \u00e4lter sind, k\u00f6nnen Sie nat\u00fcrlich auch &#8211; wenn m\u00f6glich &#8211; in der\u00a0Tropen-Bauernwirtschaft mitarbeiten.<\/p>\n<p>Spenden sind herzlich Willkommen zur<br \/>\nRabobank- Rechnung mit Nummer: 1346 34 438<br \/>\nIBAN-Nummer: NL 09 RABO 0134 6344 38<br \/>\nSwiftcode BIC RABONL2U<br \/>\nvon \u2018Stichting Rising Stars Nuenen\u2018 Niederlande.<\/p>\n<p>Stiftung Rising Stars ist durch die Holl\u00e4ndische\u00a0Steuerbeh\u00f6rde anerkannt als Stiftung zum Algemeinen\u00a0Nutzen (ANBI).<\/p>\n<p>Folder PDF:\u00a0<a href=\"https:\/\/www.rising-stars.nl\/wp-content\/uploads\/folder-du-bin-2013-tbv-website.pdf\">folder deutsch<\/a><a href=\"https:\/\/www.rising-stars.nl\/wp-content\/uploads\/folder-du-bin-2013-tbv-website.pdf\"><br \/>\n<\/a><\/p>\n","protected":false},"excerpt":{"rendered":"<p>Projekt: Kings and Queens Ort: Offinso \u2013 Adukro, Ashanti-Region Land: Ghana\u00a0 Das Projekt Kings and Queens umfasst eine 24 st\u00fcndige Betreuung\u00a0von 10 Kindern mit einer verstandesm\u00e4ssigen oder mehrfachen Behinderung.\u00a0Das Alter liegt zwischen 5 und 15 Jahren.\u00a0Unter der Leitung von Margaret &hellip; <a href=\"https:\/\/www.rising-stars.nl\/?page_id=200\">Lees verder <span class=\"meta-nav\">&rarr;<\/span><\/a><\/p>\n","protected":false},"author":1,"featured_media":0,"parent":0,"menu_order":0,"comment_status":"open","ping_status":"open","template":"","meta":{"ngg_post_thumbnail":0,"footnotes":""},"class_list":["post-200","page","type-page","status-publish","hentry"],"_links":{"self":[{"href":"https:\/\/www.rising-stars.nl\/index.php?rest_route=\/wp\/v2\/pages\/200","targetHints":{"allow":["GET"]}}],"collection":[{"href":"https:\/\/www.rising-stars.nl\/index.php?rest_route=\/wp\/v2\/pages"}],"about":[{"href":"https:\/\/www.rising-stars.nl\/index.php?rest_route=\/wp\/v2\/types\/page"}],"author":[{"embeddable":true,"href":"https:\/\/www.rising-stars.nl\/index.php?rest_route=\/wp\/v2\/users\/1"}],"replies":[{"embeddable":true,"href":"https:\/\/www.rising-stars.nl\/index.php?rest_route=%2Fwp%2Fv2%2Fcomments&post=200"}],"version-history":[{"count":4,"href":"https:\/\/www.rising-stars.nl\/index.php?rest_route=\/wp\/v2\/pages\/200\/revisions"}],"predecessor-version":[{"id":279,"href":"https:\/\/www.rising-stars.nl\/index.php?rest_route=\/wp\/v2\/pages\/200\/revisions\/279"}],"wp:attachment":[{"href":"https:\/\/www.rising-stars.nl\/index.php?rest_route=%2Fwp%2Fv2%2Fmedia&parent=200"}],"curies":[{"name":"wp","href":"https:\/\/api.w.org\/{rel}","templated":true}]}}