{"id":188,"date":"2013-05-15T14:54:55","date_gmt":"2013-05-15T12:54:55","guid":{"rendered":"http:\/\/wp.rising-stars.nl\/?page_id=188"},"modified":"2013-05-29T13:48:17","modified_gmt":"2013-05-29T11:48:17","slug":"info-francaise","status":"publish","type":"page","link":"https:\/\/www.rising-stars.nl\/?page_id=188","title":{"rendered":"Info fran\u00e7aise"},"content":{"rendered":"<p><strong>Project: Kings and Queens (Rois et Reines)<\/strong><br \/>\n<strong>Ville : Offinso \u2013Adukro , Ashanti<\/strong><br \/>\n<strong>Pays : Ghana<\/strong><\/p>\n<p>Accueil 24 heures sur 24 pour 10 enfants avec un handicap\u00a0mental ou avec plusieurs handicaps. L\u2019\u00e2ge varie de 8 et 20 ans.A l\u2019 origine le projet avec le nom NGO a \u00e9t\u00e9 cr\u00e9\u00e9 par Margaret\u00a0Adutwumwaa en 2006 avec des volontaires du Ghana.\u00a0Le projet n\u2019est pas subventionn\u00e9 par l\u2019 \u00e9tat.\u00a0Il survit seulement avec des dons particuliers de l\u2019 \u00e9tranger.<\/p>\n<p>L\u2019association partenaire RISING STARS (Les \u00e9toiles\u00a0montantes) offre depuis 2007:<br \/>\nUne aide mat\u00e9rielle,<br \/>\nUn support de l\u2019 exploitation.<br \/>\nUn renforcement professionnel par l\u2019enseignement, la\u00a0formation et l\u2019 entra\u00eenement.<br \/>\nUn volontariat en provenance des Pays-Bas.\u00a0Une aide pour le d\u00e9veloppement ind\u00e9pendant d\u2019une ferme de\u00a0soins.<\/p>\n<p>Les dons sont bienvenus\u00a0au num\u00e9ro de compte. 13 46 34 438<br \/>\nau nom de Stichting Rising Stars Nuenen.<br \/>\nSwiftcode BIC RABONL2U<br \/>\nIBAN NL09 RABO 0134 6344 38<\/p>\n<p>Rising Stars est reconnu par (le service n\u00e9\u00e9rlandais des\u00a0Imp\u00f4ts) Belastingdienst comme fonds au but social:\u00a0Algemeen Nut Beogende Instelling.[ANBI]<\/p>\n<p>Folder PDF:\u00a0<a href=\"https:\/\/www.rising-stars.nl\/wp-content\/uploads\/folder-fr-bin-2013-tbv-website-1.pdf\">folder francais<\/a><a href=\"https:\/\/www.rising-stars.nl\/wp-content\/uploads\/folder-fr-bin-2013-tbv-website-1.pdf\"><br \/>\n<\/a><\/p>\n","protected":false},"excerpt":{"rendered":"<p>Project: Kings and Queens (Rois et Reines) Ville : Offinso \u2013Adukro , Ashanti Pays : Ghana Accueil 24 heures sur 24 pour 10 enfants avec un handicap\u00a0mental ou avec plusieurs handicaps. L\u2019\u00e2ge varie de 8 et 20 ans.A l\u2019 origine &hellip; <a href=\"https:\/\/www.rising-stars.nl\/?page_id=188\">Lees verder <span class=\"meta-nav\">&rarr;<\/span><\/a><\/p>\n","protected":false},"author":1,"featured_media":0,"parent":0,"menu_order":0,"comment_status":"open","ping_status":"open","template":"","meta":{"ngg_post_thumbnail":0,"footnotes":""},"class_list":["post-188","page","type-page","status-publish","hentry"],"_links":{"self":[{"href":"https:\/\/www.rising-stars.nl\/index.php?rest_route=\/wp\/v2\/pages\/188","targetHints":{"allow":["GET"]}}],"collection":[{"href":"https:\/\/www.rising-stars.nl\/index.php?rest_route=\/wp\/v2\/pages"}],"about":[{"href":"https:\/\/www.rising-stars.nl\/index.php?rest_route=\/wp\/v2\/types\/page"}],"author":[{"embeddable":true,"href":"https:\/\/www.rising-stars.nl\/index.php?rest_route=\/wp\/v2\/users\/1"}],"replies":[{"embeddable":true,"href":"https:\/\/www.rising-stars.nl\/index.php?rest_route=%2Fwp%2Fv2%2Fcomments&post=188"}],"version-history":[{"count":5,"href":"https:\/\/www.rising-stars.nl\/index.php?rest_route=\/wp\/v2\/pages\/188\/revisions"}],"predecessor-version":[{"id":283,"href":"https:\/\/www.rising-stars.nl\/index.php?rest_route=\/wp\/v2\/pages\/188\/revisions\/283"}],"wp:attachment":[{"href":"https:\/\/www.rising-stars.nl\/index.php?rest_route=%2Fwp%2Fv2%2Fmedia&parent=188"}],"curies":[{"name":"wp","href":"https:\/\/api.w.org\/{rel}","templated":true}]}}